{"id":2282,"date":"2022-02-10T15:57:22","date_gmt":"2022-02-10T12:57:22","guid":{"rendered":"https:\/\/www.geylanmimarlik.com.tr\/tr_TR\/?page_id=2282"},"modified":"2022-03-23T13:52:58","modified_gmt":"2022-03-23T10:52:58","slug":"projeler","status":"publish","type":"page","link":"https:\/\/www.geylanmimarlik.com.tr\/tr_TR\/projeler","title":{"rendered":"Projeler"},"content":{"rendered":"\t\t<div data-elementor-type=\"wp-page\" data-elementor-id=\"2282\" class=\"elementor elementor-2282\" data-elementor-settings=\"[]\">\n\t\t\t\t\t\t\t<div class=\"elementor-section-wrap\">\n\t\t\t\t\t\t\t<section class=\"elementor-section elementor-top-section elementor-element elementor-element-aa10e6e elementor-section-boxed elementor-section-height-default elementor-section-height-default gs-locked-section-no\" data-id=\"aa10e6e\" data-element_type=\"section\">\n\t\t\t\t\t\t<div class=\"elementor-container elementor-column-gap-default\">\n\t\t\t\t\t<div class=\"elementor-column elementor-col-100 elementor-top-column elementor-element elementor-element-da1cf8a\" data-id=\"da1cf8a\" data-element_type=\"column\">\n\t\t\t<div class=\"elementor-widget-wrap elementor-element-populated\">\n\t\t\t\t\t\t\t\t<div class=\"elementor-element elementor-element-a762be7 elementor-widget elementor-widget-spacer\" data-id=\"a762be7\" data-element_type=\"widget\" data-widget_type=\"spacer.default\">\n\t\t\t\t<div class=\"elementor-widget-container\">\n\t\t\t\t\t<div class=\"elementor-spacer\">\n\t\t\t<div class=\"elementor-spacer-inner\"><\/div>\n\t\t<\/div>\n\t\t\t\t<\/div>\n\t\t\t\t<\/div>\n\t\t\t\t\t<\/div>\n\t\t<\/div>\n\t\t\t\t\t\t\t<\/div>\n\t\t<\/section>\n\t\t\t\t<section class=\"elementor-section elementor-top-section elementor-element elementor-element-34d895b3 elementor-hidden-mobile elementor-section-boxed elementor-section-height-default elementor-section-height-default gs-locked-section-no\" data-id=\"34d895b3\" data-element_type=\"section\">\n\t\t\t\t\t\t<div class=\"elementor-container elementor-column-gap-wide\">\n\t\t\t\t\t<div class=\"elementor-column elementor-col-100 elementor-top-column elementor-element elementor-element-587df4a\" data-id=\"587df4a\" data-element_type=\"column\">\n\t\t\t<div class=\"elementor-widget-wrap\">\n\t\t\t\t\t\t\t\t\t<\/div>\n\t\t<\/div>\n\t\t\t\t\t\t\t<\/div>\n\t\t<\/section>\n\t\t\t\t<section class=\"elementor-section elementor-top-section elementor-element elementor-element-4f83cfe7 elementor-section-boxed elementor-section-height-default elementor-section-height-default gs-locked-section-no\" data-id=\"4f83cfe7\" data-element_type=\"section\">\n\t\t\t\t\t\t<div class=\"elementor-container elementor-column-gap-wider\">\n\t\t\t\t\t<div class=\"elementor-column elementor-col-100 elementor-top-column elementor-element elementor-element-38f4e10b\" data-id=\"38f4e10b\" data-element_type=\"column\">\n\t\t\t<div class=\"elementor-widget-wrap elementor-element-populated\">\n\t\t\t\t\t\t\t\t<section class=\"elementor-section elementor-inner-section elementor-element elementor-element-72ccb889 elementor-section-boxed elementor-section-height-default elementor-section-height-default gs-locked-section-no\" data-id=\"72ccb889\" data-element_type=\"section\">\n\t\t\t\t\t\t<div class=\"elementor-container elementor-column-gap-default\">\n\t\t\t\t\t<div class=\"elementor-column elementor-col-100 elementor-inner-column elementor-element elementor-element-449f4bbd\" data-id=\"449f4bbd\" data-element_type=\"column\">\n\t\t\t<div class=\"elementor-widget-wrap elementor-element-populated\">\n\t\t\t\t\t\t\t\t<div class=\"elementor-element elementor-element-db68e00 elementor-widget elementor-widget-heading\" data-id=\"db68e00\" data-element_type=\"widget\" data-widget_type=\"heading.default\">\n\t\t\t\t<div class=\"elementor-widget-container\">\n\t\t\t<style>\/*! elementor - v3.5.6 - 28-02-2022 *\/\n.elementor-heading-title{padding:0;margin:0;line-height:1}.elementor-widget-heading .elementor-heading-title[class*=elementor-size-]>a{color:inherit;font-size:inherit;line-height:inherit}.elementor-widget-heading .elementor-heading-title.elementor-size-small{font-size:15px}.elementor-widget-heading .elementor-heading-title.elementor-size-medium{font-size:19px}.elementor-widget-heading .elementor-heading-title.elementor-size-large{font-size:29px}.elementor-widget-heading .elementor-heading-title.elementor-size-xl{font-size:39px}.elementor-widget-heading .elementor-heading-title.elementor-size-xxl{font-size:59px}<\/style><h2 class=\"elementor-heading-title elementor-size-default\">\u00d6NE \u00c7IKAN PROJELER<\/h2>\t\t<\/div>\n\t\t\t\t<\/div>\n\t\t\t\t<div class=\"elementor-element elementor-element-1ea4c501 elementor-widget-divider--separator-type-pattern elementor-widget-divider--view-line elementor-widget elementor-widget-divider\" data-id=\"1ea4c501\" data-element_type=\"widget\" data-widget_type=\"divider.default\">\n\t\t\t\t<div class=\"elementor-widget-container\">\n\t\t\t<style>\/*! elementor - v3.5.6 - 28-02-2022 *\/\n.elementor-widget-divider{--divider-border-style:none;--divider-border-width:1px;--divider-color:#2c2c2c;--divider-icon-size:20px;--divider-element-spacing:10px;--divider-pattern-height:24px;--divider-pattern-size:20px;--divider-pattern-url:none;--divider-pattern-repeat:repeat-x}.elementor-widget-divider .elementor-divider{display:-webkit-box;display:-ms-flexbox;display:flex}.elementor-widget-divider .elementor-divider__text{font-size:15px;line-height:1;max-width:95%}.elementor-widget-divider .elementor-divider__element{margin:0 var(--divider-element-spacing);-ms-flex-negative:0;flex-shrink:0}.elementor-widget-divider .elementor-icon{font-size:var(--divider-icon-size)}.elementor-widget-divider .elementor-divider-separator{display:-webkit-box;display:-ms-flexbox;display:flex;margin:0;direction:ltr}.elementor-widget-divider--view-line_icon .elementor-divider-separator,.elementor-widget-divider--view-line_text .elementor-divider-separator{-webkit-box-align:center;-ms-flex-align:center;align-items:center}.elementor-widget-divider--view-line_icon .elementor-divider-separator:after,.elementor-widget-divider--view-line_icon .elementor-divider-separator:before,.elementor-widget-divider--view-line_text .elementor-divider-separator:after,.elementor-widget-divider--view-line_text .elementor-divider-separator:before{display:block;content:\"\";border-bottom:0;-webkit-box-flex:1;-ms-flex-positive:1;flex-grow:1;border-top:var(--divider-border-width) var(--divider-border-style) var(--divider-color)}.elementor-widget-divider--element-align-left .elementor-divider .elementor-divider-separator>.elementor-divider__svg:first-of-type{-webkit-box-flex:0;-ms-flex-positive:0;flex-grow:0;-ms-flex-negative:100;flex-shrink:100}.elementor-widget-divider--element-align-left .elementor-divider-separator:before{content:none}.elementor-widget-divider--element-align-left .elementor-divider__element{margin-left:0}.elementor-widget-divider--element-align-right .elementor-divider .elementor-divider-separator>.elementor-divider__svg:last-of-type{-webkit-box-flex:0;-ms-flex-positive:0;flex-grow:0;-ms-flex-negative:100;flex-shrink:100}.elementor-widget-divider--element-align-right .elementor-divider-separator:after{content:none}.elementor-widget-divider--element-align-right .elementor-divider__element{margin-right:0}.elementor-widget-divider:not(.elementor-widget-divider--view-line_text):not(.elementor-widget-divider--view-line_icon) .elementor-divider-separator{border-top:var(--divider-border-width) var(--divider-border-style) var(--divider-color)}.elementor-widget-divider--separator-type-pattern{--divider-border-style:none}.elementor-widget-divider--separator-type-pattern.elementor-widget-divider--view-line .elementor-divider-separator,.elementor-widget-divider--separator-type-pattern:not(.elementor-widget-divider--view-line) .elementor-divider-separator:after,.elementor-widget-divider--separator-type-pattern:not(.elementor-widget-divider--view-line) .elementor-divider-separator:before,.elementor-widget-divider--separator-type-pattern:not([class*=elementor-widget-divider--view]) .elementor-divider-separator{width:100%;min-height:var(--divider-pattern-height);-webkit-mask-size:var(--divider-pattern-size) 100%;mask-size:var(--divider-pattern-size) 100%;-webkit-mask-repeat:var(--divider-pattern-repeat);mask-repeat:var(--divider-pattern-repeat);background-color:var(--divider-color);-webkit-mask-image:var(--divider-pattern-url);mask-image:var(--divider-pattern-url)}.elementor-widget-divider--no-spacing{--divider-pattern-size:auto}.elementor-widget-divider--bg-round{--divider-pattern-repeat:round}.rtl .elementor-widget-divider .elementor-divider__text{direction:rtl}<\/style>\t\t<div class=\"elementor-divider\" style=\"--divider-pattern-url: url(&quot;data:image\/svg+xml,%3Csvg xmlns=&#039;http:\/\/www.w3.org\/2000\/svg&#039; preserveAspectRatio=&#039;none&#039; overflow=&#039;visible&#039; height=&#039;100%&#039; viewBox=&#039;0 0 20 16&#039; fill=&#039;none&#039; stroke=&#039;black&#039; stroke-width=&#039;1&#039; stroke-linecap=&#039;square&#039; stroke-miterlimit=&#039;10&#039;%3E%3Cg transform=&#039;translate(-12.000000, 0)&#039;%3E%3Cpath d=&#039;M28,0L10,18&#039;\/%3E%3Cpath d=&#039;M18,0L0,18&#039;\/%3E%3Cpath d=&#039;M48,0L30,18&#039;\/%3E%3Cpath d=&#039;M38,0L20,18&#039;\/%3E%3C\/g%3E%3C\/svg%3E&quot;);\">\n\t\t\t<span class=\"elementor-divider-separator\">\n\t\t\t\t\t\t<\/span>\n\t\t<\/div>\n\t\t\t\t<\/div>\n\t\t\t\t<\/div>\n\t\t\t\t<div class=\"elementor-element elementor-element-3db72eec layout-waves-no elementor-widget elementor-widget-grada-portfolio\" data-id=\"3db72eec\" data-element_type=\"widget\" data-widget_type=\"grada-portfolio.default\">\n\t\t\t\t<div class=\"elementor-widget-container\">\n\t\t\t\t\t\t<div class=\"gs-entries-wrapper gs-portfolio-custom-cursor gs-entries-filter gs-entries-style-meta-overlay gs-portfolio-wrapper\" data-entries-id=\"3db72eec\">\n\t\t\t\t\t\t\t\t<div class=\"gs-portfolio-list gs-portfolio-list--meta-overlay gs-overflow-hidden\">\n\t\t\t\t\t\n<div class=\"row isotope-container\" data-entries-source=\"51c139b9b348e612592f2181aed76751\">\n\t\t\t\t\t<article class=\"iso-item col-lg-4 main-home post-201 portfolio type-portfolio status-publish has-post-thumbnail hentry project_cat-architecture project_tag-main-home\" id=\"id-201\" data-col-num=\"3-columns\" data-entry-id=\"201\">\n\t\t\t<div class=\"entry-holder portfolio-item-holder wow gsFadeInUp\" >\n\t\t\t\t<div class=\"gs-portfolio-item gs-portfolio-item--meta-overlay hover-from-bottom\">\n\t<div class=\"entry-overlay-wrapper\">\n\t\t<div class=\"entry-thumbnail\">\n\t\t\t<a href=\"https:\/\/www.geylanmimarlik.com.tr\/tr_TR\/portfolio\/l-rezidans\" class=\"entry-thumbnail__link\">\n\t\t\t\t\t\t\t\t\t<div class=\"entry-image-ratio\" style=\"padding-bottom: 137.714286% !important;\">\n\t\t\t\t\t\t<img width=\"525\" height=\"723\" src=\"https:\/\/www.geylanmimarlik.com.tr\/tr_TR\/wp-content\/uploads\/apartment-b-cover.jpg\" class=\"attachment-large size-large wp-post-image\" alt=\"\" loading=\"lazy\" srcset=\"https:\/\/www.geylanmimarlik.com.tr\/tr_TR\/wp-content\/uploads\/apartment-b-cover.jpg 525w, https:\/\/www.geylanmimarlik.com.tr\/tr_TR\/wp-content\/uploads\/apartment-b-cover-218x300.jpg 218w\" sizes=\"(max-width: 525px) 100vw, 525px\" \/>\t\t\t\t\t<\/div>\n\t\t\t\t\t\t\t<\/a>\n\t\t<\/div>\n                    <span class=\"entry-thumbnail__overlay\"><\/span>\n            <div class=\"entry-details d-flex align-items-center\">\n                <div class=\"entry-details__inner\">\n                    <div class=\"portfolio-info\">\n                                                                            <h4 class=\"entry-details-title\">\n                                <a href=\"https:\/\/www.geylanmimarlik.com.tr\/tr_TR\/portfolio\/l-rezidans\">L. Rezidans<\/a>\n                            <\/h4>\n                                            <\/div>\n                <\/div>\n                <a href=\"https:\/\/www.geylanmimarlik.com.tr\/tr_TR\/portfolio\/l-rezidans\"><\/a>\n            <\/div>\n        \t<\/div>\n<\/div>\n\t\t\t<\/div>\n\t\t<\/article>\n\t\t\t\t\t\t<article class=\"iso-item col-lg-4 main-home post-1433 portfolio type-portfolio status-publish has-post-thumbnail hentry project_cat-architecture project_tag-main-home\" id=\"id-1433\" data-col-num=\"3-columns\" data-entry-id=\"1433\">\n\t\t\t<div class=\"entry-holder portfolio-item-holder wow gsFadeInUp\" >\n\t\t\t\t<div class=\"gs-portfolio-item gs-portfolio-item--meta-overlay hover-from-bottom\">\n\t<div class=\"entry-overlay-wrapper\">\n\t\t<div class=\"entry-thumbnail\">\n\t\t\t<a href=\"https:\/\/www.geylanmimarlik.com.tr\/tr_TR\/portfolio\/ao-evi\" class=\"entry-thumbnail__link\">\n\t\t\t\t\t\t\t\t\t<div class=\"entry-image-ratio\" style=\"padding-bottom: 66.666667% !important;\">\n\t\t\t\t\t\t<img width=\"750\" height=\"500\" src=\"https:\/\/www.geylanmimarlik.com.tr\/tr_TR\/wp-content\/uploads\/villa-01-cover.jpg\" class=\"attachment-large size-large wp-post-image\" alt=\"\" loading=\"lazy\" srcset=\"https:\/\/www.geylanmimarlik.com.tr\/tr_TR\/wp-content\/uploads\/villa-01-cover.jpg 750w, https:\/\/www.geylanmimarlik.com.tr\/tr_TR\/wp-content\/uploads\/villa-01-cover-300x200.jpg 300w\" sizes=\"(max-width: 750px) 100vw, 750px\" \/>\t\t\t\t\t<\/div>\n\t\t\t\t\t\t\t<\/a>\n\t\t<\/div>\n                    <span class=\"entry-thumbnail__overlay\"><\/span>\n            <div class=\"entry-details d-flex align-items-center\">\n                <div class=\"entry-details__inner\">\n                    <div class=\"portfolio-info\">\n                                                                            <h4 class=\"entry-details-title\">\n                                <a href=\"https:\/\/www.geylanmimarlik.com.tr\/tr_TR\/portfolio\/ao-evi\">A.\u00d6. Evi<\/a>\n                            <\/h4>\n                                            <\/div>\n                <\/div>\n                <a href=\"https:\/\/www.geylanmimarlik.com.tr\/tr_TR\/portfolio\/ao-evi\"><\/a>\n            <\/div>\n        \t<\/div>\n<\/div>\n\t\t\t<\/div>\n\t\t<\/article>\n\t\t\t\t\t\t<article class=\"iso-item col-lg-4 main-home post-1438 portfolio type-portfolio status-publish has-post-thumbnail hentry project_cat-architecture project_tag-main-home\" id=\"id-1438\" data-col-num=\"3-columns\" data-entry-id=\"1438\">\n\t\t\t<div class=\"entry-holder portfolio-item-holder wow gsFadeInUp\" >\n\t\t\t\t<div class=\"gs-portfolio-item gs-portfolio-item--meta-overlay hover-from-bottom\">\n\t<div class=\"entry-overlay-wrapper\">\n\t\t<div class=\"entry-thumbnail\">\n\t\t\t<a href=\"https:\/\/www.geylanmimarlik.com.tr\/tr_TR\/portfolio\/m-apartmani\" class=\"entry-thumbnail__link\">\n\t\t\t\t\t\t\t\t\t<div class=\"entry-image-ratio\" style=\"padding-bottom: 137.714286% !important;\">\n\t\t\t\t\t\t<img width=\"525\" height=\"723\" src=\"https:\/\/www.geylanmimarlik.com.tr\/tr_TR\/wp-content\/uploads\/apartment-a-cover.jpg\" class=\"attachment-large size-large wp-post-image\" alt=\"\" loading=\"lazy\" srcset=\"https:\/\/www.geylanmimarlik.com.tr\/tr_TR\/wp-content\/uploads\/apartment-a-cover.jpg 525w, https:\/\/www.geylanmimarlik.com.tr\/tr_TR\/wp-content\/uploads\/apartment-a-cover-218x300.jpg 218w\" sizes=\"(max-width: 525px) 100vw, 525px\" \/>\t\t\t\t\t<\/div>\n\t\t\t\t\t\t\t<\/a>\n\t\t<\/div>\n                    <span class=\"entry-thumbnail__overlay\"><\/span>\n            <div class=\"entry-details d-flex align-items-center\">\n                <div class=\"entry-details__inner\">\n                    <div class=\"portfolio-info\">\n                                                                            <h4 class=\"entry-details-title\">\n                                <a href=\"https:\/\/www.geylanmimarlik.com.tr\/tr_TR\/portfolio\/m-apartmani\">M. Apartman\u0131<\/a>\n                            <\/h4>\n                                            <\/div>\n                <\/div>\n                <a href=\"https:\/\/www.geylanmimarlik.com.tr\/tr_TR\/portfolio\/m-apartmani\"><\/a>\n            <\/div>\n        \t<\/div>\n<\/div>\n\t\t\t<\/div>\n\t\t<\/article>\n\t\t\t\t\t\t<article class=\"iso-item col-lg-4 main-home post-1443 portfolio type-portfolio status-publish has-post-thumbnail hentry project_cat-architecture project_tag-main-home\" id=\"id-1443\" data-col-num=\"3-columns\" data-entry-id=\"1443\">\n\t\t\t<div class=\"entry-holder portfolio-item-holder wow gsFadeInUp\" >\n\t\t\t\t<div class=\"gs-portfolio-item gs-portfolio-item--meta-overlay hover-from-bottom\">\n\t<div class=\"entry-overlay-wrapper\">\n\t\t<div class=\"entry-thumbnail\">\n\t\t\t<a href=\"https:\/\/www.geylanmimarlik.com.tr\/tr_TR\/portfolio\/m-c-villasi\" class=\"entry-thumbnail__link\">\n\t\t\t\t\t\t\t\t\t<div class=\"entry-image-ratio\" style=\"padding-bottom: 66.666667% !important;\">\n\t\t\t\t\t\t<img width=\"750\" height=\"500\" src=\"https:\/\/www.geylanmimarlik.com.tr\/tr_TR\/wp-content\/uploads\/villa-02-cover.jpg\" class=\"attachment-large size-large wp-post-image\" alt=\"\" loading=\"lazy\" srcset=\"https:\/\/www.geylanmimarlik.com.tr\/tr_TR\/wp-content\/uploads\/villa-02-cover.jpg 750w, https:\/\/www.geylanmimarlik.com.tr\/tr_TR\/wp-content\/uploads\/villa-02-cover-300x200.jpg 300w\" sizes=\"(max-width: 750px) 100vw, 750px\" \/>\t\t\t\t\t<\/div>\n\t\t\t\t\t\t\t<\/a>\n\t\t<\/div>\n                    <span class=\"entry-thumbnail__overlay\"><\/span>\n            <div class=\"entry-details d-flex align-items-center\">\n                <div class=\"entry-details__inner\">\n                    <div class=\"portfolio-info\">\n                                                                            <h4 class=\"entry-details-title\">\n                                <a href=\"https:\/\/www.geylanmimarlik.com.tr\/tr_TR\/portfolio\/m-c-villasi\">M.C. Villas\u0131<\/a>\n                            <\/h4>\n                                            <\/div>\n                <\/div>\n                <a href=\"https:\/\/www.geylanmimarlik.com.tr\/tr_TR\/portfolio\/m-c-villasi\"><\/a>\n            <\/div>\n        \t<\/div>\n<\/div>\n\t\t\t<\/div>\n\t\t<\/article>\n\t\t<\/div>\n\n\n\n\t\t\t\t<\/div>\n\t\t\t<\/div>\n\t\t\t\t<\/div>\n\t\t\t\t<\/div>\n\t\t\t\t\t<\/div>\n\t\t<\/div>\n\t\t\t\t\t\t\t<\/div>\n\t\t<\/section>\n\t\t\t\t\t<\/div>\n\t\t<\/div>\n\t\t\t\t\t\t\t<\/div>\n\t\t<\/section>\n\t\t\t\t\t\t<\/div>\n\t\t\t\t\t<\/div>\n\t\t","protected":false},"excerpt":{"rendered":"<p>\u00d6NE \u00c7IKAN PROJELER L. Rezidans A.\u00d6. Evi M. Apartman\u0131 M.C. Villas\u0131<\/p>\n","protected":false},"author":1,"featured_media":0,"parent":0,"menu_order":0,"comment_status":"closed","ping_status":"closed","template":"","meta":[],"acf":[],"_links":{"self":[{"href":"https:\/\/www.geylanmimarlik.com.tr\/tr_TR\/wp-json\/wp\/v2\/pages\/2282"}],"collection":[{"href":"https:\/\/www.geylanmimarlik.com.tr\/tr_TR\/wp-json\/wp\/v2\/pages"}],"about":[{"href":"https:\/\/www.geylanmimarlik.com.tr\/tr_TR\/wp-json\/wp\/v2\/types\/page"}],"author":[{"embeddable":true,"href":"https:\/\/www.geylanmimarlik.com.tr\/tr_TR\/wp-json\/wp\/v2\/users\/1"}],"replies":[{"embeddable":true,"href":"https:\/\/www.geylanmimarlik.com.tr\/tr_TR\/wp-json\/wp\/v2\/comments?post=2282"}],"version-history":[{"count":18,"href":"https:\/\/www.geylanmimarlik.com.tr\/tr_TR\/wp-json\/wp\/v2\/pages\/2282\/revisions"}],"predecessor-version":[{"id":2763,"href":"https:\/\/www.geylanmimarlik.com.tr\/tr_TR\/wp-json\/wp\/v2\/pages\/2282\/revisions\/2763"}],"wp:attachment":[{"href":"https:\/\/www.geylanmimarlik.com.tr\/tr_TR\/wp-json\/wp\/v2\/media?parent=2282"}],"curies":[{"name":"wp","href":"https:\/\/api.w.org\/{rel}","templated":true}]}}